{"id":4395167,"date":"2023-02-12T10:05:16","date_gmt":"2023-02-12T10:05:16","guid":{"rendered":"https:\/\/motioncutter.boettle.net\/?page_id=4395167"},"modified":"2025-02-26T09:28:20","modified_gmt":"2025-02-26T09:28:20","slug":"impressum","status":"publish","type":"page","link":"https:\/\/motioncutter.com\/de\/impressum\/","title":{"rendered":"Impressum"},"content":{"rendered":"<p>[et_pb_section fb_built=&#8221;1&#8243; admin_label=&#8221;Video Section&#8221; _builder_version=&#8221;4.19.5&#8243; background_color=&#8221;rgba(0,0,0,0.64)&#8221; use_background_color_gradient=&#8221;on&#8221; background_color_gradient_stops=&#8221;rgba(0,0,0,0.7) 0%|rgba(0,0,0,0.7) 100%&#8221; background_color_gradient_overlays_image=&#8221;on&#8221; background_image=&#8221;https:\/\/motioncutter.com\/wp-content\/uploads\/2023\/01\/HG_Transportband.jpg&#8221; parallax=&#8221;on&#8221; custom_padding=&#8221;0px|0px|0px|0px&#8221; saved_tabs=&#8221;all&#8221; global_colors_info=&#8221;{}&#8221;][et_pb_row _builder_version=&#8221;4.19.5&#8243; _module_preset=&#8221;default&#8221; custom_padding=&#8221;100px||100px||true|false&#8221; global_colors_info=&#8221;{}&#8221;][et_pb_column type=&#8221;4_4&#8243; _builder_version=&#8221;4.19.5&#8243; _module_preset=&#8221;default&#8221; global_colors_info=&#8221;{}&#8221;][dsm_gradient_text gradient_text=&#8221;Site Notice&#8221; _builder_version=&#8221;4.19.5&#8243; _module_preset=&#8221;default&#8221; header_level=&#8221;h2&#8243; header_font=&#8221;WBEmpire Heavy|||on|||||&#8221; header_font_size=&#8221;50px&#8221; header_letter_spacing=&#8221;5px&#8221; header_line_height=&#8221;1.2em&#8221; background_color_gradient_direction=&#8221;108deg&#8221; background_color_gradient_stops=&#8221;#e09900 1%|#e02b20 66%|#8300e9 100%&#8221; text_orientation=&#8221;center&#8221; header_font_size_tablet=&#8221;50px&#8221; header_font_size_phone=&#8221;36px&#8221; header_font_size_last_edited=&#8221;on|phone&#8221; global_colors_info=&#8221;{}&#8221;][\/dsm_gradient_text][et_pb_image src=&#8221;https:\/\/motioncutter.com\/wp-content\/uploads\/2023\/01\/Divider_color.png&#8221; title_text=&#8221;Divider_color&#8221; _builder_version=&#8221;4.19.5&#8243; _module_preset=&#8221;default&#8221; global_colors_info=&#8221;{}&#8221;][\/et_pb_image][\/et_pb_column][\/et_pb_row][\/et_pb_section][et_pb_section fb_built=&#8221;1&#8243; module_id=&#8221;system&#8221; _builder_version=&#8221;4.19.5&#8243; _module_preset=&#8221;default&#8221; background_color=&#8221;rgba(0,0,0,0.1)&#8221; global_colors_info=&#8221;{}&#8221;][et_pb_row _builder_version=&#8221;4.19.5&#8243; _module_preset=&#8221;default&#8221; global_colors_info=&#8221;{}&#8221;][et_pb_column type=&#8221;4_4&#8243; _builder_version=&#8221;4.19.5&#8243; _module_preset=&#8221;default&#8221; global_colors_info=&#8221;{}&#8221;][et_pb_text _builder_version=&#8221;4.27.4&#8243; _module_preset=&#8221;default&#8221; text_font=&#8221;WBEmpire book||||||||&#8221; text_text_color=&#8221;#000000&#8243; text_font_size=&#8221;16px&#8221; header_2_font=&#8221;WBEmpire Heavy|800|||||||&#8221; header_2_font_size=&#8221;22px&#8221; width=&#8221;60%&#8221; module_alignment=&#8221;center&#8221; hover_enabled=&#8221;0&#8243; global_colors_info=&#8221;{}&#8221; sticky_enabled=&#8221;0&#8243;]<\/p>\n<p>THEMEDIAHOUSE GmbH Division MOTIONCUTTER<\/p>\n<p>Kanalstra\u00dfe 14<\/p>\n<p>75417 M\u00fchlacker<\/p>\n<p>Commercial Register: HRB511288<\/p>\n<p>Registration court: Mannheim<\/p>\n<p><strong>Represented by:<\/strong><\/p>\n<p>J\u00f6rg Scheffler<\/p>\n<h2>Contact<\/h2>\n<p>Phone: +49 7041 880-0<\/p>\n<p>E-mail: welcome@motioncutter.com<\/p>\n<h2>VAT ID<\/h2>\n<p>Sales tax identification number according to Sect. 27 a of the Sales Tax Law:<\/p>\n<p>DE358853043<\/p>\n<h2>Person responsible for editorial<\/h2>\n<p>J\u00f6rg Scheffler<\/p>\n<h2>Dispute resolution proceedings in front of a consumer arbitration board<\/h2>\n<p>We are not willing or obliged to participate in dispute resolution proceedings in front of a consumer arbitration board.<\/p>\n<p>[\/et_pb_text][\/et_pb_column][\/et_pb_row][\/et_pb_section]<\/p>\n","protected":false},"excerpt":{"rendered":"<p><div class=\"et_pb_module dsm_gradient_text dsm_gradient_text_0  et_pb_text_align_center\">\n\t\t\t\t\n\t\t\t\t\n\t\t\t\t\n\t\t\t\t\n\t\t\t\t\n\t\t\t\t\n\t\t\t\t<div class=\"et_pb_module_inner\">\n\t\t\t\t\t<h2 class=\"dsm-gradient-text et_pb_module_header\">Site Notice<\/h2>\n\t\t\t\t<\/div>\n\t\t\t<\/div>THEMEDIAHOUSE GmbH Division MOTIONCUTTER Kanalstra\u00dfe 14 75417 M\u00fchlacker Commercial Register: HRB511288 Registration court: Mannheim Represented by: J\u00f6rg Scheffler Contact Phone: +49 7041 880-0 E-mail: welcome@motioncutter.com VAT ID Sales tax identification number according to Sect. 27 [&hellip;]<\/p>\n","protected":false},"author":1,"featured_media":0,"parent":0,"menu_order":0,"comment_status":"closed","ping_status":"closed","template":"","meta":{"_et_pb_use_builder":"on","_et_pb_old_content":"","_et_gb_content_width":"","footnotes":""},"class_list":["post-4395167","page","type-page","status-publish","hentry"],"_links":{"self":[{"href":"https:\/\/motioncutter.com\/de\/wp-json\/wp\/v2\/pages\/4395167","targetHints":{"allow":["GET"]}}],"collection":[{"href":"https:\/\/motioncutter.com\/de\/wp-json\/wp\/v2\/pages"}],"about":[{"href":"https:\/\/motioncutter.com\/de\/wp-json\/wp\/v2\/types\/page"}],"author":[{"embeddable":true,"href":"https:\/\/motioncutter.com\/de\/wp-json\/wp\/v2\/users\/1"}],"replies":[{"embeddable":true,"href":"https:\/\/motioncutter.com\/de\/wp-json\/wp\/v2\/comments?post=4395167"}],"version-history":[{"count":6,"href":"https:\/\/motioncutter.com\/de\/wp-json\/wp\/v2\/pages\/4395167\/revisions"}],"predecessor-version":[{"id":4396044,"href":"https:\/\/motioncutter.com\/de\/wp-json\/wp\/v2\/pages\/4395167\/revisions\/4396044"}],"wp:attachment":[{"href":"https:\/\/motioncutter.com\/de\/wp-json\/wp\/v2\/media?parent=4395167"}],"curies":[{"name":"wp","href":"https:\/\/api.w.org\/{rel}","templated":true}]}}